{"id":3642,"date":"2023-06-26T09:04:31","date_gmt":"2023-06-26T07:04:31","guid":{"rendered":"https:\/\/www.movipack.es\/?page_id=3642"},"modified":"2023-07-04T10:32:17","modified_gmt":"2023-07-04T08:32:17","slug":"declaracion-de-accesibilidad","status":"publish","type":"page","link":"https:\/\/www.movipack.es\/en\/declaracion-de-accesibilidad\/","title":{"rendered":"Accessibility statement"},"content":{"rendered":"<div data-elementor-type=\"wp-page\" data-elementor-id=\"3642\" class=\"elementor elementor-3642\" data-elementor-settings=\"{&quot;ha_cmc_init_switcher&quot;:&quot;no&quot;}\" data-elementor-post-type=\"page\">\n\t\t\t\t\t\t<section class=\"elementor-section elementor-top-section elementor-element elementor-element-16a3bd1 elementor-section-stretched elementor-section-boxed elementor-section-height-default elementor-section-height-default\" data-id=\"16a3bd1\" data-element_type=\"section\" data-e-type=\"section\" data-settings=\"{&quot;stretch_section&quot;:&quot;section-stretched&quot;,&quot;_ha_eqh_enable&quot;:false}\">\n\t\t\t\t\t\t<div class=\"elementor-container elementor-column-gap-default\">\n\t\t\t\t\t<div class=\"elementor-column elementor-col-100 elementor-top-column elementor-element elementor-element-fdbc3fb\" data-id=\"fdbc3fb\" data-element_type=\"column\" data-e-type=\"column\">\n\t\t\t<div class=\"elementor-widget-wrap elementor-element-populated\">\n\t\t\t\t\t\t<div class=\"elementor-element elementor-element-d279825 elementor-widget elementor-widget-heading\" data-id=\"d279825\" data-element_type=\"widget\" data-e-type=\"widget\" data-widget_type=\"heading.default\">\n\t\t\t\t<div class=\"elementor-widget-container\">\n\t\t\t\t\t<h1 class=\"elementor-heading-title elementor-size-xl\">ACCESSIBILITY STATEMENT<\/h1>\t\t\t\t<\/div>\n\t\t\t\t<\/div>\n\t\t\t\t\t<\/div>\n\t\t<\/div>\n\t\t\t\t\t<\/div>\n\t\t<\/section>\n\t\t\t\t<section class=\"elementor-section elementor-top-section elementor-element elementor-element-149f3ec elementor-section-stretched elementor-section-boxed elementor-section-height-default elementor-section-height-default\" data-id=\"149f3ec\" data-element_type=\"section\" data-e-type=\"section\" data-settings=\"{&quot;stretch_section&quot;:&quot;section-stretched&quot;,&quot;_ha_eqh_enable&quot;:false}\">\n\t\t\t\t\t\t<div class=\"elementor-container elementor-column-gap-default\">\n\t\t\t\t\t<div class=\"elementor-column elementor-col-100 elementor-top-column elementor-element elementor-element-299827d\" data-id=\"299827d\" data-element_type=\"column\" data-e-type=\"column\">\n\t\t\t<div class=\"elementor-widget-wrap elementor-element-populated\">\n\t\t\t\t\t\t<div class=\"elementor-element elementor-element-967a1ed elementor-widget elementor-widget-heading\" data-id=\"967a1ed\" data-element_type=\"widget\" data-e-type=\"widget\" data-widget_type=\"heading.default\">\n\t\t\t\t<div class=\"elementor-widget-container\">\n\t\t\t\t\t<h1 class=\"elementor-heading-title elementor-size-default\">1. Introduction<\/h1>\t\t\t\t<\/div>\n\t\t\t\t<\/div>\n\t\t\t\t<div class=\"elementor-element elementor-element-b307721 elementor-widget elementor-widget-text-editor\" data-id=\"b307721\" data-element_type=\"widget\" data-e-type=\"widget\" data-widget_type=\"text-editor.default\">\n\t\t\t\t<div class=\"elementor-widget-container\">\n\t\t\t\t\t\t\t\t\t<p>The organization Movipack M.S.L. has agreed to make its website accessible, in accordance with the <a href=\"https:\/\/www.boe.es\/buscar\/act.php?id=BOE-A-2018-12699\">Royal Decree 1112\/2018, of September 7, on the accessibility of websites and applications for mobile devices in the public sector<\/a>.<br \/>This accessibility statement applies to the website <a href=\"https:\/\/www.movipack.es\/en\/\">https:\/\/www.movipack.es\/<\/a>.<\/p>\t\t\t\t\t\t\t\t<\/div>\n\t\t\t\t<\/div>\n\t\t\t\t<div class=\"elementor-element elementor-element-e95ab3d elementor-widget elementor-widget-heading\" data-id=\"e95ab3d\" data-element_type=\"widget\" data-e-type=\"widget\" data-widget_type=\"heading.default\">\n\t\t\t\t<div class=\"elementor-widget-container\">\n\t\t\t\t\t<h1 class=\"elementor-heading-title elementor-size-default\">2. Application in the national context\n<\/h1>\t\t\t\t<\/div>\n\t\t\t\t<\/div>\n\t\t\t\t<div class=\"elementor-element elementor-element-1bd998b elementor-widget elementor-widget-text-editor\" data-id=\"1bd998b\" data-element_type=\"widget\" data-e-type=\"widget\" data-widget_type=\"text-editor.default\">\n\t\t\t\t<div class=\"elementor-widget-container\">\n\t\t\t\t\t\t\t\t\t<p>This website is fully compliant with national legislation transposing Directive (EU) 2016 of the European Parliament and of the Council.<br \/>This accessibility statement applies to the website.<\/p>\t\t\t\t\t\t\t\t<\/div>\n\t\t\t\t<\/div>\n\t\t\t\t<div class=\"elementor-element elementor-element-2ee85fe elementor-widget elementor-widget-text-editor\" data-id=\"2ee85fe\" data-element_type=\"widget\" data-e-type=\"widget\" data-widget_type=\"text-editor.default\">\n\t\t\t\t<div class=\"elementor-widget-container\">\n\t\t\t\t\t\t\t\t\t<p>\u00a0 \u2022 The Web\u00a0<a href=\"https:\/\/www.movipack.es\/en\/\">https:\/\/www.movipack.es\/<\/a> it is accessible for different mobile browsers such as Google Chrome or Mi Browser, for Android; or IOS Safari<br \/>\u00a0 \u2022 The reference to \u201cnational legislation transposing the Directive\u201d is the <a href=\"https:\/\/www.boe.es\/buscar\/act.php?id=BOE-A-2018-12699\">Royal Decree 1112\/2018, of September 7, on the accessibility of websites and applications for mobile devices in the public sector<\/a>.<\/p>\t\t\t\t\t\t\t\t<\/div>\n\t\t\t\t<\/div>\n\t\t\t\t<div class=\"elementor-element elementor-element-04d3fef elementor-widget elementor-widget-heading\" data-id=\"04d3fef\" data-element_type=\"widget\" data-e-type=\"widget\" data-widget_type=\"heading.default\">\n\t\t\t\t<div class=\"elementor-widget-container\">\n\t\t\t\t\t<h2 class=\"elementor-heading-title elementor-size-default\">2.1 National context\n<\/h2>\t\t\t\t<\/div>\n\t\t\t\t<\/div>\n\t\t\t\t<div class=\"elementor-element elementor-element-8c51636 elementor-widget elementor-widget-text-editor\" data-id=\"8c51636\" data-element_type=\"widget\" data-e-type=\"widget\" data-widget_type=\"text-editor.default\">\n\t\t\t\t<div class=\"elementor-widget-container\">\n\t\t\t\t\t\t\t\t\t<p>All the requirements of the standard or technical specification are met without exception. All the accessibility criteria of the UNE-EN 301549:2019 standard (equivalent to the requirements of level of conformity A and AA of&nbsp;<span style=\"background-color: var(--color_content_background);\">WCAG 2.1) other than \u201cNot Applicable\u201d are evaluated, at the website or mobile application level, as \u201cCompliant\u201d. That is, there is no criterion evaluated as \"Non-Compliant\" (No. of Non-Compliant Criteria = 0).<\/span><\/p>\t\t\t\t\t\t\t\t<\/div>\n\t\t\t\t<\/div>\n\t\t\t\t<div class=\"elementor-element elementor-element-a95c292 elementor-widget elementor-widget-heading\" data-id=\"a95c292\" data-element_type=\"widget\" data-e-type=\"widget\" data-widget_type=\"heading.default\">\n\t\t\t\t<div class=\"elementor-widget-container\">\n\t\t\t\t\t<h1 class=\"elementor-heading-title elementor-size-default\">3. Preparation of this accessibility statement<\/h1>\t\t\t\t<\/div>\n\t\t\t\t<\/div>\n\t\t\t\t<div class=\"elementor-element elementor-element-188b706 elementor-widget elementor-widget-text-editor\" data-id=\"188b706\" data-element_type=\"widget\" data-e-type=\"widget\" data-widget_type=\"text-editor.default\">\n\t\t\t\t<div class=\"elementor-widget-container\">\n\t\t\t\t\t\t\t\t\t<p>This statement was prepared on June 16, 2023.<\/p><p>A self-assessment carried out by the digitizing agent itself has been carried out, in addition to making use of the Google Lighthouse tool.<\/p><p>Last revision of the declaration: June 26, 2023<\/p>\t\t\t\t\t\t\t\t<\/div>\n\t\t\t\t<\/div>\n\t\t\t\t<div class=\"elementor-element elementor-element-0c93afa elementor-widget elementor-widget-heading\" data-id=\"0c93afa\" data-element_type=\"widget\" data-e-type=\"widget\" data-widget_type=\"heading.default\">\n\t\t\t\t<div class=\"elementor-widget-container\">\n\t\t\t\t\t<h1 class=\"elementor-heading-title elementor-size-default\">4. Context<\/h1>\t\t\t\t<\/div>\n\t\t\t\t<\/div>\n\t\t\t\t<div class=\"elementor-element elementor-element-ebf063d elementor-widget elementor-widget-text-editor\" data-id=\"ebf063d\" data-element_type=\"widget\" data-e-type=\"widget\" data-widget_type=\"text-editor.default\">\n\t\t\t\t<div class=\"elementor-widget-container\">\n\t\t\t\t\t\t\t\t\t<p>You can make communications about accessibility requirements (article 10.2.a) of RD 1112\/2018) such as:<br \/>\u2022 Report any possible breach by this website<br \/>\u2022 Convey other content access difficulties<br \/>\u2022 Formulate any other query or suggestion for improvement related to the accessibility of the website.<br \/>Through the following contact form.<\/p><p>You can present:<br \/>\u00a0 \u2022 A Complaint regarding compliance with the requirements of RD 1112\/2018 or<br \/>\u00a0 \u2022 A Request for Accessible Information regarding:<br \/>\u00a0 \u00a0 \u2013 Contents that are excluded from the scope of application of RD 1112\/2018 as established by article 3, section 4<br \/>\u00a0 \u00a0 \u2013 Content that is exempt from compliance with accessibility requirements because it imposes a disproportionate burden.<br \/>In the Request for accessible information, the facts, reasons, and request that make it possible to verify that it is a reasonable and legitimate request must be clearly specified.<br \/>Through the Generic Instance of the electronic Headquarters of the Ministry of Economic Affairs, as well as the rest of the options included in Law 39\/2015, of October 1, on the Common Administrative Procedure of Public Administrations.<br \/>Communications, complaints and requests for accessible information will be received and processed by <a href=\"https:\/\/www.enoges.com\/\">Enog\u00e9s Consultores S.L<\/a>.<\/p>\t\t\t\t\t\t\t\t<\/div>\n\t\t\t\t<\/div>\n\t\t\t\t<div class=\"elementor-element elementor-element-4d7e988 elementor-widget elementor-widget-heading\" data-id=\"4d7e988\" data-element_type=\"widget\" data-e-type=\"widget\" data-widget_type=\"heading.default\">\n\t\t\t\t<div class=\"elementor-widget-container\">\n\t\t\t\t\t<h1 class=\"elementor-heading-title elementor-size-default\">5. Application procedure<\/h1>\t\t\t\t<\/div>\n\t\t\t\t<\/div>\n\t\t\t\t<div class=\"elementor-element elementor-element-caec1d8 elementor-widget elementor-widget-text-editor\" data-id=\"caec1d8\" data-element_type=\"widget\" data-e-type=\"widget\" data-widget_type=\"text-editor.default\">\n\t\t\t\t<div class=\"elementor-widget-container\">\n\t\t\t\t\t\t\t\t\t<p>If, once a request for accessible information or complaint has been made, it has been rejected, the decision is not agreed, or the response does not meet the requirements set forth in article 12.5, the person concerned may initiate a claim. Likewise, a claim may be initiated in the event that the period of twenty business days has elapsed without having obtained a response.<\/p>\t\t\t\t\t\t\t\t<\/div>\n\t\t\t\t<\/div>\n\t\t\t\t<div class=\"elementor-element elementor-element-577d6ee elementor-widget elementor-widget-text-editor\" data-id=\"577d6ee\" data-element_type=\"widget\" data-e-type=\"widget\" data-widget_type=\"text-editor.default\">\n\t\t\t\t<div class=\"elementor-widget-container\">\n\t\t\t\t\t\t\t\t\t<p>The claim can be submitted through the Generic Instance of the Electronic Headquarters of the Ministry of Economic Affairs, as well as in the rest of the options included in Law 39\/2015, of October 1, on the Common Administrative Procedure of Public Administrations.<\/p>\t\t\t\t\t\t\t\t<\/div>\n\t\t\t\t<\/div>\n\t\t\t\t<div class=\"elementor-element elementor-element-26c992c elementor-widget elementor-widget-text-editor\" data-id=\"26c992c\" data-element_type=\"widget\" data-e-type=\"widget\" data-widget_type=\"text-editor.default\">\n\t\t\t\t<div class=\"elementor-widget-container\">\n\t\t\t\t\t\t\t\t\t<p>Claims will be received and processed by <a href=\"https:\/\/www.enoges.com\/\">Enog\u00e9s Consultores S.L<\/a>.<\/p>\t\t\t\t\t\t\t\t<\/div>\n\t\t\t\t<\/div>\n\t\t\t\t\t<\/div>\n\t\t<\/div>\n\t\t\t\t\t<\/div>\n\t\t<\/section>\n\t\t\t\t<\/div>","protected":false},"excerpt":{"rendered":"<div class=\"entry-summary\">\nDECLARACION DE ACCESIBILIDAD 1. Introducci\u00f3n El organismo Movipack M.S.L. se ha comprometido a hacer accesible su sitio web, de conformidad con el Real Decreto 1112\/2018, de 7 de septiembre, sobre accesibilidad de los sitios web y aplicaciones para dispositivos m\u00f3viles&hellip;\n<\/div>\n<div class=\"link-more\"><a href=\"https:\/\/www.movipack.es\/en\/declaracion-de-accesibilidad\/\" class=\"more-link\">Continue reading<span class=\"screen-reader-text\"> &ldquo;Declaraci\u00f3n de accesibilidad&rdquo;<\/span>&hellip;<\/a><\/div>","protected":false},"author":1,"featured_media":0,"parent":0,"menu_order":0,"comment_status":"closed","ping_status":"closed","template":"","meta":{"_glsr_average":0,"_glsr_ranking":0,"_glsr_reviews":0,"footnotes":""},"class_list":["post-3642","page","type-page","status-publish","hentry","entry"],"yoast_head":"<!-- This site is optimized with the Yoast SEO plugin v27.3 - https:\/\/yoast.com\/product\/yoast-seo-wordpress\/ -->\n<title>Declaraci\u00f3n de accesibilidad - Movipack<\/title>\n<meta name=\"robots\" content=\"index, follow, max-snippet:-1, max-image-preview:large, max-video-preview:-1\" \/>\n<link rel=\"canonical\" href=\"https:\/\/www.movipack.es\/en\/declaracion-de-accesibilidad\/\" \/>\n<meta property=\"og:locale\" content=\"en_GB\" \/>\n<meta property=\"og:type\" content=\"article\" \/>\n<meta property=\"og:title\" content=\"Declaraci\u00f3n de accesibilidad - Movipack\" \/>\n<meta property=\"og:description\" content=\"DECLARACION DE ACCESIBILIDAD 1. Introducci\u00f3n El organismo Movipack M.S.L. se ha comprometido a hacer accesible su sitio web, de conformidad con el Real Decreto 1112\/2018, de 7 de septiembre, sobre accesibilidad de los sitios web y aplicaciones para dispositivos m\u00f3viles&hellip; Continue reading &ldquo;Declaraci\u00f3n de accesibilidad&rdquo;&hellip;\" \/>\n<meta property=\"og:url\" content=\"https:\/\/www.movipack.es\/en\/declaracion-de-accesibilidad\/\" \/>\n<meta property=\"og:site_name\" content=\"Movipack\" \/>\n<meta property=\"article:publisher\" content=\"https:\/\/www.facebook.com\/movipack\" \/>\n<meta property=\"article:modified_time\" content=\"2023-07-04T08:32:17+00:00\" \/>\n<meta name=\"twitter:card\" content=\"summary_large_image\" \/>\n<meta name=\"twitter:site\" content=\"@movipack_\" \/>\n<meta name=\"twitter:label1\" content=\"Estimated reading time\" \/>\n\t<meta name=\"twitter:data1\" content=\"3 minutes\" \/>\n<script type=\"application\/ld+json\" class=\"yoast-schema-graph\">{\"@context\":\"https:\\\/\\\/schema.org\",\"@graph\":[{\"@type\":\"WebPage\",\"@id\":\"https:\\\/\\\/www.movipack.es\\\/declaracion-de-accesibilidad\\\/\",\"url\":\"https:\\\/\\\/www.movipack.es\\\/declaracion-de-accesibilidad\\\/\",\"name\":\"Declaraci\u00f3n de accesibilidad - Movipack\",\"isPartOf\":{\"@id\":\"https:\\\/\\\/www.movipack.es\\\/#website\"},\"datePublished\":\"2023-06-26T07:04:31+00:00\",\"dateModified\":\"2023-07-04T08:32:17+00:00\",\"breadcrumb\":{\"@id\":\"https:\\\/\\\/www.movipack.es\\\/declaracion-de-accesibilidad\\\/#breadcrumb\"},\"inLanguage\":\"en-GB\",\"potentialAction\":[{\"@type\":\"ReadAction\",\"target\":[\"https:\\\/\\\/www.movipack.es\\\/declaracion-de-accesibilidad\\\/\"]}]},{\"@type\":\"BreadcrumbList\",\"@id\":\"https:\\\/\\\/www.movipack.es\\\/declaracion-de-accesibilidad\\\/#breadcrumb\",\"itemListElement\":[{\"@type\":\"ListItem\",\"position\":1,\"name\":\"Portada\",\"item\":\"https:\\\/\\\/www.movipack.es\\\/\"},{\"@type\":\"ListItem\",\"position\":2,\"name\":\"Declaraci\u00f3n de accesibilidad\"}]},{\"@type\":\"WebSite\",\"@id\":\"https:\\\/\\\/www.movipack.es\\\/#website\",\"url\":\"https:\\\/\\\/www.movipack.es\\\/\",\"name\":\"Movipack\",\"description\":\"Soluciones de log\u00edstica nacionales e internacionales: tr\u00e1ilers, camiones caja abierta, plumas, gr\u00faas\u2026\",\"publisher\":{\"@id\":\"https:\\\/\\\/www.movipack.es\\\/#organization\"},\"potentialAction\":[{\"@type\":\"SearchAction\",\"target\":{\"@type\":\"EntryPoint\",\"urlTemplate\":\"https:\\\/\\\/www.movipack.es\\\/?s={search_term_string}\"},\"query-input\":{\"@type\":\"PropertyValueSpecification\",\"valueRequired\":true,\"valueName\":\"search_term_string\"}}],\"inLanguage\":\"en-GB\"},{\"@type\":\"Organization\",\"@id\":\"https:\\\/\\\/www.movipack.es\\\/#organization\",\"name\":\"Movipack\",\"url\":\"https:\\\/\\\/www.movipack.es\\\/\",\"logo\":{\"@type\":\"ImageObject\",\"inLanguage\":\"en-GB\",\"@id\":\"https:\\\/\\\/www.movipack.es\\\/#\\\/schema\\\/logo\\\/image\\\/\",\"url\":\"https:\\\/\\\/www.movipack.es\\\/wp-content\\\/uploads\\\/2025\\\/11\\\/movipack_soluciones_de_logistica_para_empresas.webp\",\"contentUrl\":\"https:\\\/\\\/www.movipack.es\\\/wp-content\\\/uploads\\\/2025\\\/11\\\/movipack_soluciones_de_logistica_para_empresas.webp\",\"width\":1447,\"height\":256,\"caption\":\"Movipack\"},\"image\":{\"@id\":\"https:\\\/\\\/www.movipack.es\\\/#\\\/schema\\\/logo\\\/image\\\/\"},\"sameAs\":[\"https:\\\/\\\/www.facebook.com\\\/movipack\",\"https:\\\/\\\/x.com\\\/movipack_\",\"https:\\\/\\\/www.instagram.com\\\/movipack_transportes\\\/\",\"https:\\\/\\\/www.linkedin.com\\\/company\\\/movipack\\\/\"]}]}<\/script>\n<!-- \/ Yoast SEO plugin. -->","yoast_head_json":{"title":"Declaraci\u00f3n de accesibilidad - Movipack","robots":{"index":"index","follow":"follow","max-snippet":"max-snippet:-1","max-image-preview":"max-image-preview:large","max-video-preview":"max-video-preview:-1"},"canonical":"https:\/\/www.movipack.es\/en\/declaracion-de-accesibilidad\/","og_locale":"en_GB","og_type":"article","og_title":"Declaraci\u00f3n de accesibilidad - Movipack","og_description":"DECLARACION DE ACCESIBILIDAD 1. Introducci\u00f3n El organismo Movipack M.S.L. se ha comprometido a hacer accesible su sitio web, de conformidad con el Real Decreto 1112\/2018, de 7 de septiembre, sobre accesibilidad de los sitios web y aplicaciones para dispositivos m\u00f3viles&hellip; Continue reading &ldquo;Declaraci\u00f3n de accesibilidad&rdquo;&hellip;","og_url":"https:\/\/www.movipack.es\/en\/declaracion-de-accesibilidad\/","og_site_name":"Movipack","article_publisher":"https:\/\/www.facebook.com\/movipack","article_modified_time":"2023-07-04T08:32:17+00:00","twitter_card":"summary_large_image","twitter_site":"@movipack_","twitter_misc":{"Estimated reading time":"3 minutes"},"schema":{"@context":"https:\/\/schema.org","@graph":[{"@type":"WebPage","@id":"https:\/\/www.movipack.es\/declaracion-de-accesibilidad\/","url":"https:\/\/www.movipack.es\/declaracion-de-accesibilidad\/","name":"Declaraci\u00f3n de accesibilidad - Movipack","isPartOf":{"@id":"https:\/\/www.movipack.es\/#website"},"datePublished":"2023-06-26T07:04:31+00:00","dateModified":"2023-07-04T08:32:17+00:00","breadcrumb":{"@id":"https:\/\/www.movipack.es\/declaracion-de-accesibilidad\/#breadcrumb"},"inLanguage":"en-GB","potentialAction":[{"@type":"ReadAction","target":["https:\/\/www.movipack.es\/declaracion-de-accesibilidad\/"]}]},{"@type":"BreadcrumbList","@id":"https:\/\/www.movipack.es\/declaracion-de-accesibilidad\/#breadcrumb","itemListElement":[{"@type":"ListItem","position":1,"name":"Portada","item":"https:\/\/www.movipack.es\/"},{"@type":"ListItem","position":2,"name":"Declaraci\u00f3n de accesibilidad"}]},{"@type":"WebSite","@id":"https:\/\/www.movipack.es\/#website","url":"https:\/\/www.movipack.es\/","name":"Movipack","description":"Soluciones de log\u00edstica nacionales e internacionales: tr\u00e1ilers, camiones caja abierta, plumas, gr\u00faas\u2026","publisher":{"@id":"https:\/\/www.movipack.es\/#organization"},"potentialAction":[{"@type":"SearchAction","target":{"@type":"EntryPoint","urlTemplate":"https:\/\/www.movipack.es\/?s={search_term_string}"},"query-input":{"@type":"PropertyValueSpecification","valueRequired":true,"valueName":"search_term_string"}}],"inLanguage":"en-GB"},{"@type":"Organization","@id":"https:\/\/www.movipack.es\/#organization","name":"Movipack","url":"https:\/\/www.movipack.es\/","logo":{"@type":"ImageObject","inLanguage":"en-GB","@id":"https:\/\/www.movipack.es\/#\/schema\/logo\/image\/","url":"https:\/\/www.movipack.es\/wp-content\/uploads\/2025\/11\/movipack_soluciones_de_logistica_para_empresas.webp","contentUrl":"https:\/\/www.movipack.es\/wp-content\/uploads\/2025\/11\/movipack_soluciones_de_logistica_para_empresas.webp","width":1447,"height":256,"caption":"Movipack"},"image":{"@id":"https:\/\/www.movipack.es\/#\/schema\/logo\/image\/"},"sameAs":["https:\/\/www.facebook.com\/movipack","https:\/\/x.com\/movipack_","https:\/\/www.instagram.com\/movipack_transportes\/","https:\/\/www.linkedin.com\/company\/movipack\/"]}]}},"_links":{"self":[{"href":"https:\/\/www.movipack.es\/en\/wp-json\/wp\/v2\/pages\/3642","targetHints":{"allow":["GET"]}}],"collection":[{"href":"https:\/\/www.movipack.es\/en\/wp-json\/wp\/v2\/pages"}],"about":[{"href":"https:\/\/www.movipack.es\/en\/wp-json\/wp\/v2\/types\/page"}],"author":[{"embeddable":true,"href":"https:\/\/www.movipack.es\/en\/wp-json\/wp\/v2\/users\/1"}],"replies":[{"embeddable":true,"href":"https:\/\/www.movipack.es\/en\/wp-json\/wp\/v2\/comments?post=3642"}],"version-history":[{"count":50,"href":"https:\/\/www.movipack.es\/en\/wp-json\/wp\/v2\/pages\/3642\/revisions"}],"predecessor-version":[{"id":3731,"href":"https:\/\/www.movipack.es\/en\/wp-json\/wp\/v2\/pages\/3642\/revisions\/3731"}],"wp:attachment":[{"href":"https:\/\/www.movipack.es\/en\/wp-json\/wp\/v2\/media?parent=3642"}],"curies":[{"name":"wp","href":"https:\/\/api.w.org\/{rel}","templated":true}]}}