{"id":3210,"date":"2023-05-03T10:51:49","date_gmt":"2023-05-03T08:51:49","guid":{"rendered":"https:\/\/www.movipack.es\/?page_id=3210"},"modified":"2026-02-05T09:53:19","modified_gmt":"2026-02-05T08:53:19","slug":"contacto-movipack","status":"publish","type":"page","link":"https:\/\/www.movipack.es\/en\/contacto-movipack\/","title":{"rendered":"Contact"},"content":{"rendered":"<div data-elementor-type=\"wp-page\" data-elementor-id=\"3210\" class=\"elementor elementor-3210\" data-elementor-settings=\"{&quot;ha_cmc_init_switcher&quot;:&quot;no&quot;}\" data-elementor-post-type=\"page\">\n\t\t\t\t\t\t<section class=\"elementor-section elementor-top-section elementor-element elementor-element-d26381f elementor-section-full_width elementor-section-stretched elementor-section-height-default elementor-section-height-default\" data-id=\"d26381f\" data-element_type=\"section\" data-e-type=\"section\" data-settings=\"{&quot;stretch_section&quot;:&quot;section-stretched&quot;,&quot;background_background&quot;:&quot;classic&quot;,&quot;_ha_eqh_enable&quot;:false}\">\n\t\t\t\t\t\t\t<div class=\"elementor-background-overlay\"><\/div>\n\t\t\t\t\t\t\t<div class=\"elementor-container elementor-column-gap-default\">\n\t\t\t\t\t<div class=\"elementor-column elementor-col-50 elementor-top-column elementor-element elementor-element-251f524 elementor-invisible\" data-id=\"251f524\" data-element_type=\"column\" data-e-type=\"column\" data-settings=\"{&quot;background_background&quot;:&quot;classic&quot;,&quot;animation&quot;:&quot;slideInLeft&quot;}\">\n\t\t\t<div class=\"elementor-widget-wrap elementor-element-populated\">\n\t\t\t\t\t\t<div class=\"elementor-element elementor-element-e45c930 elementor-widget elementor-widget-heading\" data-id=\"e45c930\" data-element_type=\"widget\" data-e-type=\"widget\" data-widget_type=\"heading.default\">\n\t\t\t\t<div class=\"elementor-widget-container\">\n\t\t\t\t\t<h1 class=\"elementor-heading-title elementor-size-default\">Contact<\/h1>\t\t\t\t<\/div>\n\t\t\t\t<\/div>\n\t\t\t\t<div class=\"elementor-element elementor-element-b3715a8 elementor-widget elementor-widget-text-editor\" data-id=\"b3715a8\" data-element_type=\"widget\" data-e-type=\"widget\" data-widget_type=\"text-editor.default\">\n\t\t\t\t<div class=\"elementor-widget-container\">\n\t\t\t\t\t\t\t\t\t<p>Do you need a <strong>reliable transport service<\/strong> or a <strong>logistics solution<\/strong> tailored to your operations?<\/p><p>At <strong>Movipack<\/strong> we provide you with a specialized team, prepared to analyze your needs and offer you <strong>the best proposal<\/strong>.<\/p><p>Get in touch with us and we'll give you <strong>personalized advice<\/strong>.<\/p>\t\t\t\t\t\t\t\t<\/div>\n\t\t\t\t<\/div>\n\t\t\t\t<div class=\"elementor-element elementor-element-51cc7a7 elementor-headline--style-highlight elementor-widget elementor-widget-animated-headline\" data-id=\"51cc7a7\" data-element_type=\"widget\" data-e-type=\"widget\" data-settings=\"{&quot;marker&quot;:&quot;underline&quot;,&quot;highlighted_text&quot;:&quot;A una llamada, una soluci\\u00f3n.&quot;,&quot;headline_style&quot;:&quot;highlight&quot;,&quot;loop&quot;:&quot;yes&quot;,&quot;highlight_animation_duration&quot;:1200,&quot;highlight_iteration_delay&quot;:8000}\" data-widget_type=\"animated-headline.default\">\n\t\t\t\t<div class=\"elementor-widget-container\">\n\t\t\t\t\t\t\t<p class=\"elementor-headline\">\r\n\t\t\t\t<span class=\"elementor-headline-dynamic-wrapper elementor-headline-text-wrapper\">\r\n\t\t\t\t\t<span class=\"elementor-headline-dynamic-text elementor-headline-text-active\">One call, one solution.<\/span>\r\n\t\t\t\t<\/span>\r\n\t\t\t\t<\/p>\r\n\t\t\t\t\t\t<\/div>\n\t\t\t\t<\/div>\n\t\t\t\t\t<\/div>\n\t\t<\/div>\n\t\t\t\t<div class=\"elementor-column elementor-col-50 elementor-top-column elementor-element elementor-element-a826067\" data-id=\"a826067\" data-element_type=\"column\" data-e-type=\"column\" data-settings=\"{&quot;background_background&quot;:&quot;classic&quot;}\">\n\t\t\t<div class=\"elementor-widget-wrap elementor-element-populated\">\n\t\t\t\t\t\t<div class=\"elementor-element elementor-element-f0e17bd elementor-widget elementor-widget-heading\" data-id=\"f0e17bd\" data-element_type=\"widget\" data-e-type=\"widget\" data-widget_type=\"heading.default\">\n\t\t\t\t<div class=\"elementor-widget-container\">\n\t\t\t\t\t<h2 class=\"elementor-heading-title elementor-size-default\">Contact us<\/h2>\t\t\t\t<\/div>\n\t\t\t\t<\/div>\n\t\t\t\t<div class=\"elementor-element elementor-element-14eeec9 fuenteform elementor-widget elementor-widget-shortcode\" data-id=\"14eeec9\" data-element_type=\"widget\" data-e-type=\"widget\" data-widget_type=\"shortcode.default\">\n\t\t\t\t<div class=\"elementor-widget-container\">\n\t\t\t\t\t\t\t<div class=\"elementor-shortcode\">\n<div class=\"wpcf7 no-js\" id=\"wpcf7-f1340-o1\" lang=\"es-ES\" dir=\"ltr\" data-wpcf7-id=\"1340\">\n<div class=\"screen-reader-response\"><p role=\"status\" aria-live=\"polite\" aria-atomic=\"true\"><\/p> <ul><\/ul><\/div>\n<form action=\"\/en\/wp-json\/wp\/v2\/pages\/3210#wpcf7-f1340-o1\" method=\"post\" class=\"wpcf7-form init\" aria-label=\"Formulario de contacto\" novalidate=\"novalidate\" data-status=\"init\" data-trp-original-action=\"\/en\/wp-json\/wp\/v2\/pages\/3210#wpcf7-f1340-o1\">\n<fieldset class=\"hidden-fields-container\"><input type=\"hidden\" name=\"_wpcf7\" value=\"1340\" \/><input type=\"hidden\" name=\"_wpcf7_version\" value=\"6.1.5\" \/><input type=\"hidden\" name=\"_wpcf7_locale\" value=\"es_ES\" \/><input type=\"hidden\" name=\"_wpcf7_unit_tag\" value=\"wpcf7-f1340-o1\" \/><input type=\"hidden\" name=\"_wpcf7_container_post\" value=\"0\" \/><input type=\"hidden\" name=\"_wpcf7_posted_data_hash\" value=\"\" \/><input type=\"hidden\" name=\"_wpcf7_recaptcha_response\" value=\"\" \/>\n<\/fieldset>\n<p><label> Your name<br \/>\n<span class=\"wpcf7-form-control-wrap\" data-name=\"nombre\"><input size=\"40\" maxlength=\"400\" class=\"wpcf7-form-control wpcf7-text wpcf7-validates-as-required\" aria-required=\"true\" aria-invalid=\"false\" value=\"\" type=\"text\" name=\"nombre\" \/><\/span> <\/label>\n<\/p>\n<p><label> Your e-mail<br \/>\n<span class=\"wpcf7-form-control-wrap\" data-name=\"your-email\"><input size=\"40\" maxlength=\"400\" class=\"wpcf7-form-control wpcf7-email wpcf7-validates-as-required wpcf7-text wpcf7-validates-as-email\" aria-required=\"true\" aria-invalid=\"false\" value=\"\" type=\"email\" name=\"your-email\" \/><\/span> <\/label>\n<\/p>\n<p><label> Phone<br \/>\n<span class=\"wpcf7-form-control-wrap\" data-name=\"telefono\"><input size=\"40\" maxlength=\"400\" class=\"wpcf7-form-control wpcf7-tel wpcf7-validates-as-required wpcf7-text wpcf7-validates-as-tel\" aria-required=\"true\" aria-invalid=\"false\" value=\"\" type=\"tel\" name=\"telefono\" \/><\/span> <\/label>\n<\/p>\n<p><label> Your message (optional)<br \/>\n<span class=\"wpcf7-form-control-wrap\" data-name=\"mensaje\"><textarea cols=\"40\" rows=\"10\" maxlength=\"2000\" class=\"wpcf7-form-control wpcf7-textarea wpcf7-validates-as-required\" aria-required=\"true\" aria-invalid=\"false\" name=\"mensaje\"><\/textarea><\/span> <\/label>\n<\/p>\n<p><span class=\"wpcf7-form-control-wrap\" data-name=\"acepta-gpdr\"><span class=\"wpcf7-form-control wpcf7-acceptance\"><span class=\"wpcf7-list-item\"><label><input type=\"checkbox\" name=\"acepta-gpdr\" value=\"1\" aria-invalid=\"false\" \/><span class=\"wpcf7-list-item-label\">I have read and accept the <a href=\"\/en\/politica-de-proteccion-de-datos-y-privacidad\/\">Privacy Policy<\/a>.<\/span><\/label><\/span><\/span><\/span>\n<\/p>\n<p><input class=\"wpcf7-form-control wpcf7-submit has-spinner\" type=\"submit\" value=\"Send\" \/>\n<\/p><div class=\"wpcf7-response-output\" aria-hidden=\"true\"><\/div>\n<input type=\"hidden\" name=\"trp-form-language\" value=\"en\"\/><\/form>\n<\/div>\n<\/div>\n\t\t\t\t\t\t<\/div>\n\t\t\t\t<\/div>\n\t\t\t\t<div class=\"elementor-element elementor-element-43129ad elementor-widget elementor-widget-heading\" data-id=\"43129ad\" data-element_type=\"widget\" data-e-type=\"widget\" data-widget_type=\"heading.default\">\n\t\t\t\t<div class=\"elementor-widget-container\">\n\t\t\t\t\t<h5 class=\"elementor-heading-title elementor-size-xl\"><a href=\"tel:+34669983802\" target=\"_blank\">669 983 802<\/a><\/h5>\t\t\t\t<\/div>\n\t\t\t\t<\/div>\n\t\t\t\t\t<\/div>\n\t\t<\/div>\n\t\t\t\t\t<\/div>\n\t\t<\/section>\n\t\t\t\t<\/div>","protected":false},"excerpt":{"rendered":"<div class=\"entry-summary\">\nContacto \u00bfNecesitas un servicio de transporte fiable o una soluci\u00f3n de log\u00edstica adaptada a tus operaciones? En Movipack ponemos a tu disposici\u00f3n un equipo especializado, preparado para analizar tu necesidad y ofrecerte la mejor propuesta. Ponte en contacto con nosotros&hellip;\n<\/div>\n<div class=\"link-more\"><a href=\"https:\/\/www.movipack.es\/en\/contacto-movipack\/\" class=\"more-link\">Continue reading<span class=\"screen-reader-text\"> &ldquo;Contacto&rdquo;<\/span>&hellip;<\/a><\/div>","protected":false},"author":1,"featured_media":0,"parent":0,"menu_order":0,"comment_status":"closed","ping_status":"closed","template":"","meta":{"_glsr_average":0,"_glsr_ranking":0,"_glsr_reviews":0,"footnotes":""},"class_list":["post-3210","page","type-page","status-publish","hentry","entry"],"yoast_head":"<!-- This site is optimized with the Yoast SEO plugin v27.5 - https:\/\/yoast.com\/product\/yoast-seo-wordpress\/ -->\n<title>Contacto - Movipack<\/title>\n<meta name=\"description\" content=\"\u00bfNecesitas un servicio de transporte fiable o una soluci\u00f3n log\u00edstica alineada con tus operaciones en Espa\u00f1a o extranjero? \u00a1Cont\u00e1ctanos!\" \/>\n<meta name=\"robots\" content=\"index, follow, max-snippet:-1, max-image-preview:large, max-video-preview:-1\" \/>\n<link rel=\"canonical\" href=\"https:\/\/www.movipack.es\/en\/contacto-movipack\/\" \/>\n<meta property=\"og:locale\" content=\"en_GB\" \/>\n<meta property=\"og:type\" content=\"article\" \/>\n<meta property=\"og:title\" content=\"Contacto - Movipack\" \/>\n<meta property=\"og:description\" content=\"\u00bfNecesitas un servicio de transporte fiable o una soluci\u00f3n log\u00edstica alineada con tus operaciones en Espa\u00f1a o extranjero? \u00a1Cont\u00e1ctanos!\" \/>\n<meta property=\"og:url\" content=\"https:\/\/www.movipack.es\/en\/contacto-movipack\/\" \/>\n<meta property=\"og:site_name\" content=\"Movipack\" \/>\n<meta property=\"article:publisher\" content=\"https:\/\/www.facebook.com\/movipack\" \/>\n<meta property=\"article:modified_time\" content=\"2026-02-05T08:53:19+00:00\" \/>\n<meta name=\"twitter:card\" content=\"summary_large_image\" \/>\n<meta name=\"twitter:site\" content=\"@movipack_\" \/>\n<meta name=\"twitter:label1\" content=\"Estimated reading time\" \/>\n\t<meta name=\"twitter:data1\" content=\"1 minute\" \/>\n<script type=\"application\/ld+json\" class=\"yoast-schema-graph\">{\"@context\":\"https:\\\/\\\/schema.org\",\"@graph\":[{\"@type\":\"WebPage\",\"@id\":\"https:\\\/\\\/www.movipack.es\\\/contacto-movipack\\\/\",\"url\":\"https:\\\/\\\/www.movipack.es\\\/contacto-movipack\\\/\",\"name\":\"Contacto - Movipack\",\"isPartOf\":{\"@id\":\"https:\\\/\\\/www.movipack.es\\\/#website\"},\"datePublished\":\"2023-05-03T08:51:49+00:00\",\"dateModified\":\"2026-02-05T08:53:19+00:00\",\"description\":\"\u00bfNecesitas un servicio de transporte fiable o una soluci\u00f3n log\u00edstica alineada con tus operaciones en Espa\u00f1a o extranjero? \u00a1Cont\u00e1ctanos!\",\"breadcrumb\":{\"@id\":\"https:\\\/\\\/www.movipack.es\\\/contacto-movipack\\\/#breadcrumb\"},\"inLanguage\":\"en-GB\",\"potentialAction\":[{\"@type\":\"ReadAction\",\"target\":[\"https:\\\/\\\/www.movipack.es\\\/contacto-movipack\\\/\"]}]},{\"@type\":\"BreadcrumbList\",\"@id\":\"https:\\\/\\\/www.movipack.es\\\/contacto-movipack\\\/#breadcrumb\",\"itemListElement\":[{\"@type\":\"ListItem\",\"position\":1,\"name\":\"Portada\",\"item\":\"https:\\\/\\\/www.movipack.es\\\/\"},{\"@type\":\"ListItem\",\"position\":2,\"name\":\"Contacto\"}]},{\"@type\":\"WebSite\",\"@id\":\"https:\\\/\\\/www.movipack.es\\\/#website\",\"url\":\"https:\\\/\\\/www.movipack.es\\\/\",\"name\":\"Movipack\",\"description\":\"Soluciones de log\u00edstica nacionales e internacionales: tr\u00e1ilers, camiones caja abierta, plumas, gr\u00faas\u2026\",\"publisher\":{\"@id\":\"https:\\\/\\\/www.movipack.es\\\/#organization\"},\"potentialAction\":[{\"@type\":\"SearchAction\",\"target\":{\"@type\":\"EntryPoint\",\"urlTemplate\":\"https:\\\/\\\/www.movipack.es\\\/?s={search_term_string}\"},\"query-input\":{\"@type\":\"PropertyValueSpecification\",\"valueRequired\":true,\"valueName\":\"search_term_string\"}}],\"inLanguage\":\"en-GB\"},{\"@type\":\"Organization\",\"@id\":\"https:\\\/\\\/www.movipack.es\\\/#organization\",\"name\":\"Movipack\",\"url\":\"https:\\\/\\\/www.movipack.es\\\/\",\"logo\":{\"@type\":\"ImageObject\",\"inLanguage\":\"en-GB\",\"@id\":\"https:\\\/\\\/www.movipack.es\\\/#\\\/schema\\\/logo\\\/image\\\/\",\"url\":\"https:\\\/\\\/www.movipack.es\\\/wp-content\\\/uploads\\\/2025\\\/11\\\/movipack_soluciones_de_logistica_para_empresas.webp\",\"contentUrl\":\"https:\\\/\\\/www.movipack.es\\\/wp-content\\\/uploads\\\/2025\\\/11\\\/movipack_soluciones_de_logistica_para_empresas.webp\",\"width\":1447,\"height\":256,\"caption\":\"Movipack\"},\"image\":{\"@id\":\"https:\\\/\\\/www.movipack.es\\\/#\\\/schema\\\/logo\\\/image\\\/\"},\"sameAs\":[\"https:\\\/\\\/www.facebook.com\\\/movipack\",\"https:\\\/\\\/x.com\\\/movipack_\",\"https:\\\/\\\/www.instagram.com\\\/movipack_transportes\\\/\",\"https:\\\/\\\/www.linkedin.com\\\/company\\\/movipack\\\/\"]}]}<\/script>\n<!-- \/ Yoast SEO plugin. -->","yoast_head_json":{"title":"Contacto - Movipack","description":"\u00bfNecesitas un servicio de transporte fiable o una soluci\u00f3n log\u00edstica alineada con tus operaciones en Espa\u00f1a o extranjero? \u00a1Cont\u00e1ctanos!","robots":{"index":"index","follow":"follow","max-snippet":"max-snippet:-1","max-image-preview":"max-image-preview:large","max-video-preview":"max-video-preview:-1"},"canonical":"https:\/\/www.movipack.es\/en\/contacto-movipack\/","og_locale":"en_GB","og_type":"article","og_title":"Contacto - Movipack","og_description":"\u00bfNecesitas un servicio de transporte fiable o una soluci\u00f3n log\u00edstica alineada con tus operaciones en Espa\u00f1a o extranjero? \u00a1Cont\u00e1ctanos!","og_url":"https:\/\/www.movipack.es\/en\/contacto-movipack\/","og_site_name":"Movipack","article_publisher":"https:\/\/www.facebook.com\/movipack","article_modified_time":"2026-02-05T08:53:19+00:00","twitter_card":"summary_large_image","twitter_site":"@movipack_","twitter_misc":{"Estimated reading time":"1 minute"},"schema":{"@context":"https:\/\/schema.org","@graph":[{"@type":"WebPage","@id":"https:\/\/www.movipack.es\/contacto-movipack\/","url":"https:\/\/www.movipack.es\/contacto-movipack\/","name":"Contacto - Movipack","isPartOf":{"@id":"https:\/\/www.movipack.es\/#website"},"datePublished":"2023-05-03T08:51:49+00:00","dateModified":"2026-02-05T08:53:19+00:00","description":"\u00bfNecesitas un servicio de transporte fiable o una soluci\u00f3n log\u00edstica alineada con tus operaciones en Espa\u00f1a o extranjero? \u00a1Cont\u00e1ctanos!","breadcrumb":{"@id":"https:\/\/www.movipack.es\/contacto-movipack\/#breadcrumb"},"inLanguage":"en-GB","potentialAction":[{"@type":"ReadAction","target":["https:\/\/www.movipack.es\/contacto-movipack\/"]}]},{"@type":"BreadcrumbList","@id":"https:\/\/www.movipack.es\/contacto-movipack\/#breadcrumb","itemListElement":[{"@type":"ListItem","position":1,"name":"Portada","item":"https:\/\/www.movipack.es\/"},{"@type":"ListItem","position":2,"name":"Contacto"}]},{"@type":"WebSite","@id":"https:\/\/www.movipack.es\/#website","url":"https:\/\/www.movipack.es\/","name":"Movipack","description":"Soluciones de log\u00edstica nacionales e internacionales: tr\u00e1ilers, camiones caja abierta, plumas, gr\u00faas\u2026","publisher":{"@id":"https:\/\/www.movipack.es\/#organization"},"potentialAction":[{"@type":"SearchAction","target":{"@type":"EntryPoint","urlTemplate":"https:\/\/www.movipack.es\/?s={search_term_string}"},"query-input":{"@type":"PropertyValueSpecification","valueRequired":true,"valueName":"search_term_string"}}],"inLanguage":"en-GB"},{"@type":"Organization","@id":"https:\/\/www.movipack.es\/#organization","name":"Movipack","url":"https:\/\/www.movipack.es\/","logo":{"@type":"ImageObject","inLanguage":"en-GB","@id":"https:\/\/www.movipack.es\/#\/schema\/logo\/image\/","url":"https:\/\/www.movipack.es\/wp-content\/uploads\/2025\/11\/movipack_soluciones_de_logistica_para_empresas.webp","contentUrl":"https:\/\/www.movipack.es\/wp-content\/uploads\/2025\/11\/movipack_soluciones_de_logistica_para_empresas.webp","width":1447,"height":256,"caption":"Movipack"},"image":{"@id":"https:\/\/www.movipack.es\/#\/schema\/logo\/image\/"},"sameAs":["https:\/\/www.facebook.com\/movipack","https:\/\/x.com\/movipack_","https:\/\/www.instagram.com\/movipack_transportes\/","https:\/\/www.linkedin.com\/company\/movipack\/"]}]}},"_links":{"self":[{"href":"https:\/\/www.movipack.es\/en\/wp-json\/wp\/v2\/pages\/3210","targetHints":{"allow":["GET"]}}],"collection":[{"href":"https:\/\/www.movipack.es\/en\/wp-json\/wp\/v2\/pages"}],"about":[{"href":"https:\/\/www.movipack.es\/en\/wp-json\/wp\/v2\/types\/page"}],"author":[{"embeddable":true,"href":"https:\/\/www.movipack.es\/en\/wp-json\/wp\/v2\/users\/1"}],"replies":[{"embeddable":true,"href":"https:\/\/www.movipack.es\/en\/wp-json\/wp\/v2\/comments?post=3210"}],"version-history":[{"count":17,"href":"https:\/\/www.movipack.es\/en\/wp-json\/wp\/v2\/pages\/3210\/revisions"}],"predecessor-version":[{"id":6965,"href":"https:\/\/www.movipack.es\/en\/wp-json\/wp\/v2\/pages\/3210\/revisions\/6965"}],"wp:attachment":[{"href":"https:\/\/www.movipack.es\/en\/wp-json\/wp\/v2\/media?parent=3210"}],"curies":[{"name":"wp","href":"https:\/\/api.w.org\/{rel}","templated":true}]}}