{"id":135,"date":"2023-02-13T07:42:28","date_gmt":"2023-02-13T07:42:28","guid":{"rendered":"https:\/\/movipack.es\/?page_id=135"},"modified":"2023-05-15T10:06:15","modified_gmt":"2023-05-15T08:06:15","slug":"academia-de-formacion","status":"publish","type":"page","link":"https:\/\/www.movipack.es\/en\/academia-de-formacion\/","title":{"rendered":"Training Academy"},"content":{"rendered":"<div data-elementor-type=\"wp-page\" data-elementor-id=\"135\" class=\"elementor elementor-135\" data-elementor-settings=\"{&quot;ha_cmc_init_switcher&quot;:&quot;no&quot;}\" data-elementor-post-type=\"page\">\n\t\t\t\t\t\t<section class=\"elementor-section elementor-top-section elementor-element elementor-element-513b0d4 elementor-section-stretched elementor-section-boxed elementor-section-height-default elementor-section-height-default\" data-id=\"513b0d4\" data-element_type=\"section\" data-e-type=\"section\" data-settings=\"{&quot;stretch_section&quot;:&quot;section-stretched&quot;,&quot;_ha_eqh_enable&quot;:false}\">\n\t\t\t\t\t\t<div class=\"elementor-container elementor-column-gap-default\">\n\t\t\t\t\t<div class=\"elementor-column elementor-col-100 elementor-top-column elementor-element elementor-element-53feeb3\" data-id=\"53feeb3\" data-element_type=\"column\" data-e-type=\"column\">\n\t\t\t<div class=\"elementor-widget-wrap elementor-element-populated\">\n\t\t\t\t\t\t<div class=\"elementor-element elementor-element-86299c3 elementor-widget elementor-widget-spacer\" data-id=\"86299c3\" data-element_type=\"widget\" data-e-type=\"widget\" data-widget_type=\"spacer.default\">\n\t\t\t\t<div class=\"elementor-widget-container\">\n\t\t\t\t\t\t\t<div class=\"elementor-spacer\">\n\t\t\t<div class=\"elementor-spacer-inner\"><\/div>\n\t\t<\/div>\n\t\t\t\t\t\t<\/div>\n\t\t\t\t<\/div>\n\t\t\t\t\t<\/div>\n\t\t<\/div>\n\t\t\t\t\t<\/div>\n\t\t<\/section>\n\t\t\t\t<section class=\"elementor-section elementor-top-section elementor-element elementor-element-6d97306 elementor-section-stretched elementor-section-boxed elementor-section-height-default elementor-section-height-default\" data-id=\"6d97306\" data-element_type=\"section\" data-e-type=\"section\" data-settings=\"{&quot;stretch_section&quot;:&quot;section-stretched&quot;,&quot;_ha_eqh_enable&quot;:false}\">\n\t\t\t\t\t\t<div class=\"elementor-container elementor-column-gap-default\">\n\t\t\t\t\t<div class=\"elementor-column elementor-col-100 elementor-top-column elementor-element elementor-element-498fad6\" data-id=\"498fad6\" data-element_type=\"column\" data-e-type=\"column\">\n\t\t\t<div class=\"elementor-widget-wrap elementor-element-populated\">\n\t\t\t\t\t\t<div class=\"elementor-element elementor-element-c782130 elementor-widget elementor-widget-heading\" data-id=\"c782130\" data-element_type=\"widget\" data-e-type=\"widget\" data-widget_type=\"heading.default\">\n\t\t\t\t<div class=\"elementor-widget-container\">\n\t\t\t\t\t<h1 class=\"elementor-heading-title elementor-size-default\">Academy for Self-Employed<\/h1>\t\t\t\t<\/div>\n\t\t\t\t<\/div>\n\t\t\t\t<div class=\"elementor-element elementor-element-f6d0004 elementor-widget elementor-widget-spacer\" data-id=\"f6d0004\" data-element_type=\"widget\" data-e-type=\"widget\" data-widget_type=\"spacer.default\">\n\t\t\t\t<div class=\"elementor-widget-container\">\n\t\t\t\t\t\t\t<div class=\"elementor-spacer\">\n\t\t\t<div class=\"elementor-spacer-inner\"><\/div>\n\t\t<\/div>\n\t\t\t\t\t\t<\/div>\n\t\t\t\t<\/div>\n\t\t\t\t<div class=\"elementor-element elementor-element-8fdcc97 elementor-widget elementor-widget-text-editor\" data-id=\"8fdcc97\" data-element_type=\"widget\" data-e-type=\"widget\" data-widget_type=\"text-editor.default\">\n\t\t\t\t<div class=\"elementor-widget-container\">\n\t\t\t\t\t\t\t\t\t<div><b><span class=\"lh-1 font-size-16\">Don't have a job and want to start in the world of transportation?<\/span><\/b><\/div><div><span class=\"lh-1 font-size-16\">\u00a0<\/span><\/div><div><b><span class=\"lh-1 font-size-16\">Are you self-employed and need support?<\/span><\/b><\/div><div><span class=\"lh-1 font-size-16\">\u00a0<\/span><\/div><div><span class=\"lh-1 font-size-16\">Are you tired of not having any advantage for belonging to a collective and\u00a0<b>be unprotected?<\/b><br \/><\/span><\/div><div><span class=\"lh-1 font-size-16\">\u00a0<\/span><\/div><div><span class=\"lh-1 font-size-16\"><b>We help you in everything<\/b>\u00a0and, most importantly, we are in contact with large companies that in turn need\u00a0<b>autonomous for Amazon, Seur, Aliexpress, Correos Express, DHL<\/b>..., both in the Community of Madrid and at a national level.<\/span><\/div><div><span class=\"lh-1 font-size-16\">\u00a0<\/span><\/div><div><span class=\"lh-1 font-size-16\"><b>We take you by the hand towards a professional future<\/b>, directly and easily. fully guided.<br \/><\/span><\/div><div><span class=\"lh-1 font-size-16\">\u00a0<\/span><\/div><div><span class=\"lh-1 font-size-16\">Advantages for our group:<br \/><\/span><\/div><div><ul><li><span><span class=\"lh-1 font-size-16\">Discount and financing in\u00a0<b>purchase of Fiat and Iveco vans.<\/b><\/span><\/span><\/li><li><span><span class=\"lh-1 font-size-16\"><b>van rentals<\/b>\u00a0\u2013 Company Code (duration of more than one year).<\/span><\/span><\/li><li><span><span class=\"lh-1 font-size-16\">Special rates High Transportation License\u00a0<b>MDA and MDL.<\/b><\/span><\/span><\/li><li><span><span class=\"lh-1 font-size-16\"><b>Closed price<\/b>\u00a0for registration, digital certificate, accounting, VAT and taxes.<\/span><\/span><\/li><li><span><span class=\"lh-1 font-size-16\"><b>Absolute priority in workshop<\/b>\u00a0zone for breakdowns and avoid stoppage of activity.<\/span><\/span><\/li><li><span><span class=\"lh-1 font-size-16\">Insurance advice \u2013\u00a0<b>discounts with Mapfre.<\/b><\/span><\/span><\/li><li><span><span class=\"lh-1 font-size-16\">Prevention of occupational hazards.<\/span><\/span><\/li><li><span><span class=\"lh-1 font-size-16\">CNG and Diesel card.<\/span><\/span><\/li><\/ul><\/div><div><span class=\"lh-1 font-size-16\">Annual fee:\u00a0<b>\u20ac100 + VAT.<\/b><\/span><\/div><div><span class=\"lh-1 font-size-16\">\u00a0<\/span><\/div><div><span class=\"lh-1 font-size-16\">Includes Dossier in PDF.<br \/><\/span><\/div><div><span class=\"lh-1 font-size-16\">\u00a0<\/span><\/div><div><span class=\"lh-1 font-size-16\">And, most importantly, we can never guarantee you a job,\u00a0<b>but if you get in touch, so everything will depend on you.<\/b><\/span><\/div>\t\t\t\t\t\t\t\t<\/div>\n\t\t\t\t<\/div>\n\t\t\t\t\t<\/div>\n\t\t<\/div>\n\t\t\t\t\t<\/div>\n\t\t<\/section>\n\t\t\t\t<section class=\"elementor-section elementor-top-section elementor-element elementor-element-0a5e248 elementor-section-stretched elementor-section-boxed elementor-section-height-default elementor-section-height-default\" data-id=\"0a5e248\" data-element_type=\"section\" data-e-type=\"section\" data-settings=\"{&quot;stretch_section&quot;:&quot;section-stretched&quot;,&quot;_ha_eqh_enable&quot;:false}\">\n\t\t\t\t\t\t<div class=\"elementor-container elementor-column-gap-default\">\n\t\t\t\t\t<div class=\"elementor-column elementor-col-100 elementor-top-column elementor-element elementor-element-f953be5\" data-id=\"f953be5\" data-element_type=\"column\" data-e-type=\"column\">\n\t\t\t<div class=\"elementor-widget-wrap elementor-element-populated\">\n\t\t\t\t\t\t<div class=\"elementor-element elementor-element-aefb7cb elementor-align-center elementor-widget elementor-widget-button\" data-id=\"aefb7cb\" data-element_type=\"widget\" data-e-type=\"widget\" data-widget_type=\"button.default\">\n\t\t\t\t<div class=\"elementor-widget-container\">\n\t\t\t\t\t\t\t\t\t<div class=\"elementor-button-wrapper\">\n\t\t\t\t\t<a class=\"elementor-button elementor-button-link elementor-size-lg\" href=\"https:\/\/web.whatsapp.com\/\">\n\t\t\t\t\t\t<span class=\"elementor-button-content-wrapper\">\n\t\t\t\t\t\t\t\t\t<span class=\"elementor-button-text\">Contact by WhatsApp<\/span>\n\t\t\t\t\t<\/span>\n\t\t\t\t\t<\/a>\n\t\t\t\t<\/div>\n\t\t\t\t\t\t\t\t<\/div>\n\t\t\t\t<\/div>\n\t\t\t\t\t<\/div>\n\t\t<\/div>\n\t\t\t\t\t<\/div>\n\t\t<\/section>\n\t\t\t\t<section class=\"elementor-section elementor-top-section elementor-element elementor-element-73d6ff7 elementor-section-stretched elementor-section-boxed elementor-section-height-default elementor-section-height-default\" data-id=\"73d6ff7\" data-element_type=\"section\" data-e-type=\"section\" data-settings=\"{&quot;stretch_section&quot;:&quot;section-stretched&quot;,&quot;_ha_eqh_enable&quot;:false}\">\n\t\t\t\t\t\t<div class=\"elementor-container elementor-column-gap-default\">\n\t\t\t\t\t<div class=\"elementor-column elementor-col-100 elementor-top-column elementor-element elementor-element-9992637\" data-id=\"9992637\" data-element_type=\"column\" data-e-type=\"column\">\n\t\t\t<div class=\"elementor-widget-wrap elementor-element-populated\">\n\t\t\t\t\t\t<div class=\"elementor-element elementor-element-9a40fee elementor-widget elementor-widget-image\" data-id=\"9a40fee\" data-element_type=\"widget\" data-e-type=\"widget\" data-widget_type=\"image.default\">\n\t\t\t\t<div class=\"elementor-widget-container\">\n\t\t\t\t\t\t\t\t\t\t\t\t<figure class=\"wp-caption\">\n\t\t\t\t\t\t\t\t\t\t<img fetchpriority=\"high\" decoding=\"async\" width=\"1920\" height=\"1920\" src=\"https:\/\/www.movipack.es\/wp-content\/uploads\/2023\/04\/plantas.webp\" class=\"attachment-2048x2048 size-2048x2048 wp-image-2900\" alt=\"\" srcset=\"https:\/\/www.movipack.es\/wp-content\/uploads\/2023\/04\/plantas.webp 1920w, https:\/\/www.movipack.es\/wp-content\/uploads\/2023\/04\/plantas-300x300.webp 300w, https:\/\/www.movipack.es\/wp-content\/uploads\/2023\/04\/plantas-1024x1024.webp 1024w, https:\/\/www.movipack.es\/wp-content\/uploads\/2023\/04\/plantas-150x150.webp 150w, https:\/\/www.movipack.es\/wp-content\/uploads\/2023\/04\/plantas-768x768.webp 768w, https:\/\/www.movipack.es\/wp-content\/uploads\/2023\/04\/plantas-1536x1536.webp 1536w, https:\/\/www.movipack.es\/wp-content\/uploads\/2023\/04\/plantas-448x448.webp 448w, https:\/\/www.movipack.es\/wp-content\/uploads\/2023\/04\/plantas-600x600.webp 600w, https:\/\/www.movipack.es\/wp-content\/uploads\/2023\/04\/plantas-100x100.webp 100w\" sizes=\"(max-width: 1920px) 100vw, 1920px\" \/>\t\t\t\t\t\t\t\t\t\t\t<figcaption class=\"widget-image-caption wp-caption-text\">Academy for Beginning Freelancers | Training School - Movipack<\/figcaption>\n\t\t\t\t\t\t\t\t\t\t<\/figure>\n\t\t\t\t\t\t\t\t\t<\/div>\n\t\t\t\t<\/div>\n\t\t\t\t\t<\/div>\n\t\t<\/div>\n\t\t\t\t\t<\/div>\n\t\t<\/section>\n\t\t\t\t<section class=\"elementor-section elementor-top-section elementor-element elementor-element-adaed2b elementor-section-stretched elementor-section-boxed elementor-section-height-default elementor-section-height-default\" data-id=\"adaed2b\" data-element_type=\"section\" data-e-type=\"section\" data-settings=\"{&quot;stretch_section&quot;:&quot;section-stretched&quot;,&quot;_ha_eqh_enable&quot;:false}\">\n\t\t\t\t\t\t<div class=\"elementor-container elementor-column-gap-default\">\n\t\t\t\t\t<div class=\"elementor-column elementor-col-100 elementor-top-column elementor-element elementor-element-26a0732\" data-id=\"26a0732\" data-element_type=\"column\" data-e-type=\"column\">\n\t\t\t<div class=\"elementor-widget-wrap elementor-element-populated\">\n\t\t\t\t\t\t<div class=\"elementor-element elementor-element-dfb814a elementor-widget elementor-widget-spacer\" data-id=\"dfb814a\" data-element_type=\"widget\" data-e-type=\"widget\" data-widget_type=\"spacer.default\">\n\t\t\t\t<div class=\"elementor-widget-container\">\n\t\t\t\t\t\t\t<div class=\"elementor-spacer\">\n\t\t\t<div class=\"elementor-spacer-inner\"><\/div>\n\t\t<\/div>\n\t\t\t\t\t\t<\/div>\n\t\t\t\t<\/div>\n\t\t\t\t\t<\/div>\n\t\t<\/div>\n\t\t\t\t\t<\/div>\n\t\t<\/section>\n\t\t\t\t<\/div>","protected":false},"excerpt":{"rendered":"<div class=\"entry-summary\">\nAcademia para Aut\u00f3nomos \u00bfNo tienes empleo y quieres empezar en el mundo del transporte?\u00a0\u00bfEres aut\u00f3nomo y necesitas apoyo?\u00a0\u00bfEst\u00e1s cansado de no tener ninguna ventaja por pertenecer a alg\u00fan colectivo y\u00a0estar desprotegido?\u00a0Te ayudamos en todo\u00a0y, lo m\u00e1s importante, estamos en contacto&hellip;\n<\/div>\n<div class=\"link-more\"><a href=\"https:\/\/www.movipack.es\/en\/academia-de-formacion\/\" class=\"more-link\">Continue reading<span class=\"screen-reader-text\"> &ldquo;Academia de formaci\u00f3n&rdquo;<\/span>&hellip;<\/a><\/div>","protected":false},"author":1,"featured_media":0,"parent":0,"menu_order":0,"comment_status":"closed","ping_status":"closed","template":"","meta":{"_glsr_average":0,"_glsr_ranking":0,"_glsr_reviews":0,"footnotes":""},"class_list":["post-135","page","type-page","status-publish","hentry","entry"],"yoast_head":"<!-- This site is optimized with the Yoast SEO plugin v27.3 - https:\/\/yoast.com\/product\/yoast-seo-wordpress\/ -->\n<title>Academia de formaci\u00f3n - Movipack<\/title>\n<meta name=\"description\" content=\"Academia de formaci\u00f3n.\" \/>\n<meta name=\"robots\" content=\"index, follow, max-snippet:-1, max-image-preview:large, max-video-preview:-1\" \/>\n<link rel=\"canonical\" href=\"https:\/\/www.movipack.es\/en\/academia-de-formacion\/\" \/>\n<meta property=\"og:locale\" content=\"en_GB\" \/>\n<meta property=\"og:type\" content=\"article\" \/>\n<meta property=\"og:title\" content=\"Academia de formaci\u00f3n - Movipack\" \/>\n<meta property=\"og:description\" content=\"Academia de formaci\u00f3n.\" \/>\n<meta property=\"og:url\" content=\"https:\/\/www.movipack.es\/en\/academia-de-formacion\/\" \/>\n<meta property=\"og:site_name\" content=\"Movipack\" \/>\n<meta property=\"article:publisher\" content=\"https:\/\/www.facebook.com\/movipack\" \/>\n<meta property=\"article:modified_time\" content=\"2023-05-15T08:06:15+00:00\" \/>\n<meta property=\"og:image\" content=\"https:\/\/www.movipack.es\/wp-content\/uploads\/2023\/04\/plantas.webp\" \/>\n<meta name=\"twitter:card\" content=\"summary_large_image\" \/>\n<meta name=\"twitter:site\" content=\"@movipack_\" \/>\n<meta name=\"twitter:label1\" content=\"Estimated reading time\" \/>\n\t<meta name=\"twitter:data1\" content=\"2 minutes\" \/>\n<script type=\"application\/ld+json\" class=\"yoast-schema-graph\">{\"@context\":\"https:\\\/\\\/schema.org\",\"@graph\":[{\"@type\":\"WebPage\",\"@id\":\"https:\\\/\\\/www.movipack.es\\\/academia-de-formacion\\\/\",\"url\":\"https:\\\/\\\/www.movipack.es\\\/academia-de-formacion\\\/\",\"name\":\"Academia de formaci\u00f3n - Movipack\",\"isPartOf\":{\"@id\":\"https:\\\/\\\/www.movipack.es\\\/#website\"},\"primaryImageOfPage\":{\"@id\":\"https:\\\/\\\/www.movipack.es\\\/academia-de-formacion\\\/#primaryimage\"},\"image\":{\"@id\":\"https:\\\/\\\/www.movipack.es\\\/academia-de-formacion\\\/#primaryimage\"},\"thumbnailUrl\":\"https:\\\/\\\/www.movipack.es\\\/wp-content\\\/uploads\\\/2023\\\/04\\\/plantas.webp\",\"datePublished\":\"2023-02-13T07:42:28+00:00\",\"dateModified\":\"2023-05-15T08:06:15+00:00\",\"description\":\"Academia de formaci\u00f3n.\",\"breadcrumb\":{\"@id\":\"https:\\\/\\\/www.movipack.es\\\/academia-de-formacion\\\/#breadcrumb\"},\"inLanguage\":\"en-GB\",\"potentialAction\":[{\"@type\":\"ReadAction\",\"target\":[\"https:\\\/\\\/www.movipack.es\\\/academia-de-formacion\\\/\"]}]},{\"@type\":\"ImageObject\",\"inLanguage\":\"en-GB\",\"@id\":\"https:\\\/\\\/www.movipack.es\\\/academia-de-formacion\\\/#primaryimage\",\"url\":\"https:\\\/\\\/www.movipack.es\\\/wp-content\\\/uploads\\\/2023\\\/04\\\/plantas.webp\",\"contentUrl\":\"https:\\\/\\\/www.movipack.es\\\/wp-content\\\/uploads\\\/2023\\\/04\\\/plantas.webp\"},{\"@type\":\"BreadcrumbList\",\"@id\":\"https:\\\/\\\/www.movipack.es\\\/academia-de-formacion\\\/#breadcrumb\",\"itemListElement\":[{\"@type\":\"ListItem\",\"position\":1,\"name\":\"Portada\",\"item\":\"https:\\\/\\\/www.movipack.es\\\/\"},{\"@type\":\"ListItem\",\"position\":2,\"name\":\"Academia de formaci\u00f3n\"}]},{\"@type\":\"WebSite\",\"@id\":\"https:\\\/\\\/www.movipack.es\\\/#website\",\"url\":\"https:\\\/\\\/www.movipack.es\\\/\",\"name\":\"Movipack\",\"description\":\"Soluciones de log\u00edstica nacionales e internacionales: tr\u00e1ilers, camiones caja abierta, plumas, gr\u00faas\u2026\",\"publisher\":{\"@id\":\"https:\\\/\\\/www.movipack.es\\\/#organization\"},\"potentialAction\":[{\"@type\":\"SearchAction\",\"target\":{\"@type\":\"EntryPoint\",\"urlTemplate\":\"https:\\\/\\\/www.movipack.es\\\/?s={search_term_string}\"},\"query-input\":{\"@type\":\"PropertyValueSpecification\",\"valueRequired\":true,\"valueName\":\"search_term_string\"}}],\"inLanguage\":\"en-GB\"},{\"@type\":\"Organization\",\"@id\":\"https:\\\/\\\/www.movipack.es\\\/#organization\",\"name\":\"Movipack\",\"url\":\"https:\\\/\\\/www.movipack.es\\\/\",\"logo\":{\"@type\":\"ImageObject\",\"inLanguage\":\"en-GB\",\"@id\":\"https:\\\/\\\/www.movipack.es\\\/#\\\/schema\\\/logo\\\/image\\\/\",\"url\":\"https:\\\/\\\/www.movipack.es\\\/wp-content\\\/uploads\\\/2025\\\/11\\\/movipack_soluciones_de_logistica_para_empresas.webp\",\"contentUrl\":\"https:\\\/\\\/www.movipack.es\\\/wp-content\\\/uploads\\\/2025\\\/11\\\/movipack_soluciones_de_logistica_para_empresas.webp\",\"width\":1447,\"height\":256,\"caption\":\"Movipack\"},\"image\":{\"@id\":\"https:\\\/\\\/www.movipack.es\\\/#\\\/schema\\\/logo\\\/image\\\/\"},\"sameAs\":[\"https:\\\/\\\/www.facebook.com\\\/movipack\",\"https:\\\/\\\/x.com\\\/movipack_\",\"https:\\\/\\\/www.instagram.com\\\/movipack_transportes\\\/\",\"https:\\\/\\\/www.linkedin.com\\\/company\\\/movipack\\\/\"]}]}<\/script>\n<!-- \/ Yoast SEO plugin. -->","yoast_head_json":{"title":"Academia de formaci\u00f3n - Movipack","description":"Academia de formaci\u00f3n.","robots":{"index":"index","follow":"follow","max-snippet":"max-snippet:-1","max-image-preview":"max-image-preview:large","max-video-preview":"max-video-preview:-1"},"canonical":"https:\/\/www.movipack.es\/en\/academia-de-formacion\/","og_locale":"en_GB","og_type":"article","og_title":"Academia de formaci\u00f3n - Movipack","og_description":"Academia de formaci\u00f3n.","og_url":"https:\/\/www.movipack.es\/en\/academia-de-formacion\/","og_site_name":"Movipack","article_publisher":"https:\/\/www.facebook.com\/movipack","article_modified_time":"2023-05-15T08:06:15+00:00","og_image":[{"url":"https:\/\/www.movipack.es\/wp-content\/uploads\/2023\/04\/plantas.webp","type":"","width":"","height":""}],"twitter_card":"summary_large_image","twitter_site":"@movipack_","twitter_misc":{"Estimated reading time":"2 minutes"},"schema":{"@context":"https:\/\/schema.org","@graph":[{"@type":"WebPage","@id":"https:\/\/www.movipack.es\/academia-de-formacion\/","url":"https:\/\/www.movipack.es\/academia-de-formacion\/","name":"Academia de formaci\u00f3n - Movipack","isPartOf":{"@id":"https:\/\/www.movipack.es\/#website"},"primaryImageOfPage":{"@id":"https:\/\/www.movipack.es\/academia-de-formacion\/#primaryimage"},"image":{"@id":"https:\/\/www.movipack.es\/academia-de-formacion\/#primaryimage"},"thumbnailUrl":"https:\/\/www.movipack.es\/wp-content\/uploads\/2023\/04\/plantas.webp","datePublished":"2023-02-13T07:42:28+00:00","dateModified":"2023-05-15T08:06:15+00:00","description":"Academia de formaci\u00f3n.","breadcrumb":{"@id":"https:\/\/www.movipack.es\/academia-de-formacion\/#breadcrumb"},"inLanguage":"en-GB","potentialAction":[{"@type":"ReadAction","target":["https:\/\/www.movipack.es\/academia-de-formacion\/"]}]},{"@type":"ImageObject","inLanguage":"en-GB","@id":"https:\/\/www.movipack.es\/academia-de-formacion\/#primaryimage","url":"https:\/\/www.movipack.es\/wp-content\/uploads\/2023\/04\/plantas.webp","contentUrl":"https:\/\/www.movipack.es\/wp-content\/uploads\/2023\/04\/plantas.webp"},{"@type":"BreadcrumbList","@id":"https:\/\/www.movipack.es\/academia-de-formacion\/#breadcrumb","itemListElement":[{"@type":"ListItem","position":1,"name":"Portada","item":"https:\/\/www.movipack.es\/"},{"@type":"ListItem","position":2,"name":"Academia de formaci\u00f3n"}]},{"@type":"WebSite","@id":"https:\/\/www.movipack.es\/#website","url":"https:\/\/www.movipack.es\/","name":"Movipack","description":"Soluciones de log\u00edstica nacionales e internacionales: tr\u00e1ilers, camiones caja abierta, plumas, gr\u00faas\u2026","publisher":{"@id":"https:\/\/www.movipack.es\/#organization"},"potentialAction":[{"@type":"SearchAction","target":{"@type":"EntryPoint","urlTemplate":"https:\/\/www.movipack.es\/?s={search_term_string}"},"query-input":{"@type":"PropertyValueSpecification","valueRequired":true,"valueName":"search_term_string"}}],"inLanguage":"en-GB"},{"@type":"Organization","@id":"https:\/\/www.movipack.es\/#organization","name":"Movipack","url":"https:\/\/www.movipack.es\/","logo":{"@type":"ImageObject","inLanguage":"en-GB","@id":"https:\/\/www.movipack.es\/#\/schema\/logo\/image\/","url":"https:\/\/www.movipack.es\/wp-content\/uploads\/2025\/11\/movipack_soluciones_de_logistica_para_empresas.webp","contentUrl":"https:\/\/www.movipack.es\/wp-content\/uploads\/2025\/11\/movipack_soluciones_de_logistica_para_empresas.webp","width":1447,"height":256,"caption":"Movipack"},"image":{"@id":"https:\/\/www.movipack.es\/#\/schema\/logo\/image\/"},"sameAs":["https:\/\/www.facebook.com\/movipack","https:\/\/x.com\/movipack_","https:\/\/www.instagram.com\/movipack_transportes\/","https:\/\/www.linkedin.com\/company\/movipack\/"]}]}},"_links":{"self":[{"href":"https:\/\/www.movipack.es\/en\/wp-json\/wp\/v2\/pages\/135","targetHints":{"allow":["GET"]}}],"collection":[{"href":"https:\/\/www.movipack.es\/en\/wp-json\/wp\/v2\/pages"}],"about":[{"href":"https:\/\/www.movipack.es\/en\/wp-json\/wp\/v2\/types\/page"}],"author":[{"embeddable":true,"href":"https:\/\/www.movipack.es\/en\/wp-json\/wp\/v2\/users\/1"}],"replies":[{"embeddable":true,"href":"https:\/\/www.movipack.es\/en\/wp-json\/wp\/v2\/comments?post=135"}],"version-history":[{"count":4,"href":"https:\/\/www.movipack.es\/en\/wp-json\/wp\/v2\/pages\/135\/revisions"}],"predecessor-version":[{"id":3583,"href":"https:\/\/www.movipack.es\/en\/wp-json\/wp\/v2\/pages\/135\/revisions\/3583"}],"wp:attachment":[{"href":"https:\/\/www.movipack.es\/en\/wp-json\/wp\/v2\/media?parent=135"}],"curies":[{"name":"wp","href":"https:\/\/api.w.org\/{rel}","templated":true}]}}